{"id":946,"date":"2020-08-26T09:21:31","date_gmt":"2020-08-26T09:21:31","guid":{"rendered":"https:\/\/ilalead.wpengine.com\/?page_id=946"},"modified":"2024-01-16T10:27:50","modified_gmt":"2024-01-16T10:27:50","slug":"innovation","status":"publish","type":"page","link":"https:\/\/locelh2.org\/fr\/innovation\/","title":{"rendered":"Innovation"},"content":{"rendered":"<section  class=\"block-hero-image block-hero-image-small block-hero-image-hide-indent block-hero-image-overlay\" style=\"background-image: url(https:\/\/locelh2.org\/wp-content\/uploads\/2024\/01\/locel-cover-1-e1705400859307.png);\">\n    <div class=\"container\">\n                        <h1>Innovation<\/h1>\n                        <\/div><!-- .container -->\n<\/section><!-- .block-hero-image -->\n\n\n<section class=\"block-title-text-background with-decoration-image\">\n    <div class=\"container\">\n        <div class=\"text-wrap\">\n                            <h2>La technologie pour le changement social<\/h2>\n                        <p>L'expertise compl\u00e9mentaire de nos partenaires en sciences technologiques et sociales est un atout du projet LoCEL-H2. Cette collaboration garantit non seulement le d\u00e9ploiement responsable de la technologie LoCEL-H2, mais favorise \u00e9galement la cr\u00e9ation d'une solution \u00e9nerg\u00e9tique conforme aux valeurs humaines, contribuant ainsi \u00e0 un avenir plus inclusif, \u00e9thique et durable.<\/p>\n                            <div class=\"decoration-image-wrapper\">\n                    <img decoding=\"async\" src=\"https:\/\/locelh2.org\/wp-content\/themes\/locel\/assets\/images\/sun.svg\" alt=\"sun\">\n                <\/div>\n                    <\/div><!-- .text-wrap -->\n    <\/div><!-- .container -->\n<\/section><!-- .block-title-text-background -->\n\n\n<section class=\"block-facts\">\n    <!-- <div class=\"circle-deco\"><\/div> -->\n    <div class=\"container\">\n                    <h2>Les trois piliers d\u2019innovation technologique de LoCEL-H2<\/h2>\n                <div class=\"block-facts-under-title\">\n                                <\/div>\n\n                    <div class=\"fact-blocks fact-blocks-desktop\">\n                <div class=\"fact-blocks-wrap\">\n                    <div class=\"fact-blocks-container\">\n\n                                                    <div class=\"fact-block-content-wrap\">\n                                                                <div class=\"fact-block-content fact-content-light fact-content-icon  block-pos-normal\">\n                                    <div class=\"fact-block-bg\"><\/div>\n                                    <div class=\"fact-block-text-icon\">\n                                                                                    <img decoding=\"async\" src=\"https:\/\/locelh2.org\/wp-content\/uploads\/2023\/05\/icons-2.png\" alt=\"\">\n                                                                                <p>Micro-r\u00e9seau local \u00e9volutif, d\u00e9centralis\u00e9, pr\u00eat \u00e0 l\u2019emploi avec une production d'\u00e9nergie solaire 100 % renouvelable qui fournira de l'\u00e9lectricit\u00e9 \u00e0 deux communaut\u00e9s en Afrique<\/p>\n                                    <\/div>\n\n                                <\/div><!-- .fact-block-content -->\n                            <\/div><!-- .fact-block-content-wrap -->\n                                                    <div class=\"fact-block-content-wrap\">\n                                                                <div class=\"fact-block-content fact-content-dark fact-content-icon  block-pos-down\">\n                                    <div class=\"fact-block-bg\"><\/div>\n                                    <div class=\"fact-block-text-icon\">\n                                                                                    <img decoding=\"async\" src=\"https:\/\/locelh2.org\/wp-content\/uploads\/2023\/05\/Battery-x2.png\" alt=\"\">\n                                                                                <p>Syst\u00e8me de stockage d'\u00e9nergie par batterie avanc\u00e9e au plomb optimis\u00e9 pour les m\u00e9nages, les petites entreprises et les b\u00e2timents communautaires<\/p>\n                                    <\/div>\n\n                                <\/div><!-- .fact-block-content -->\n                            <\/div><!-- .fact-block-content-wrap -->\n                                                    <div class=\"fact-block-content-wrap\">\n                                                                <div class=\"fact-block-content fact-content-light fact-content-icon  block-pos-middle\">\n                                    <div class=\"fact-block-bg\"><\/div>\n                                    <div class=\"fact-block-text-icon\">\n                                                                                    <img decoding=\"async\" src=\"https:\/\/locelh2.org\/wp-content\/uploads\/2023\/05\/Icon-2-x2.png\" alt=\"\">\n                                                                                <p>Nouveau \u00ab battolyser \u00bb partag\u00e9 par la communaut\u00e9 pour le stockage d'\u00e9nergie multi-source et la production d'hydrog\u00e8ne vert pour la cuisine<\/p>\n                                    <\/div>\n\n                                <\/div><!-- .fact-block-content -->\n                            <\/div><!-- .fact-block-content-wrap -->\n                        \n                    <\/div><!-- .fact-blocks-container -->\n                <\/div><!-- .fact-blocks-wrap -->\n            <\/div><!-- .fact-blocks -->\n            <\/div><!-- .container -->\n<\/section><!-- .block-facts -->\n\n<div class=\"content-deco content-deco-vertical-line\" style=\"color: #1c2240;\"><\/div><!-- .content-deco -->\n\n\n<section class=\"block-copy-image\">\n    <div class=\"container\">\n                    <h2>Des voies innovantes pour l\u2019autonomisation des communaut\u00e9s<\/h2>\n        \n            <div class=\"copy-image-wrapper\">\n                \n                    <div class=\"copy-image-element\">\n                        <div class=\"copy-image-element-text\">\n                            <h3><\/h3>\n                            <p>LoCEL-H2 implique une analyse socioculturelle appropri\u00e9e pour mettre en \u0153uvre l'innovation \u00e9nerg\u00e9tique, am\u00e9liorant les conditions socio-\u00e9conomiques des communaut\u00e9s vuln\u00e9rables gr\u00e2ce \u00e0 l'acc\u00e8s \u00e0 l'\u00e9lectricit\u00e9 et aux combustibles propres. L'approche m\u00e9thodologique se concentre sur la cr\u00e9ation et le soutien d'\u00e9cosyst\u00e8mes d'acteurs dans chacune des zones pilotes afin de maximiser le transfert de connaissances, la cr\u00e9ation de capacit\u00e9s locales et le changement social, ainsi que sur le d\u00e9veloppement d'outils, d'activit\u00e9s et de formations de suivi.<\/p>\n                        <\/div>\n                        <div class=\"copy-image-element-image\">\n                            <img decoding=\"async\" src=\"https:\/\/locelh2.org\/wp-content\/uploads\/2023\/12\/SSH-innovation-banner.png\" alt=\"\">\n                        <\/div>\n                    <\/div>\n                            <\/div>\n            <\/div><!-- .container -->\n<\/section><!-- .block-copy-image -->\n\n<div class=\"container block-default\">\n<div style=\"height:100px\" aria-hidden=\"true\" class=\"wp-block-spacer\"><\/div>\n<\/div>\n\n<div class=\"container block-default\">\n<figure class=\"wp-block-embed is-type-video is-provider-youtube wp-block-embed-youtube wp-embed-aspect-16-9 wp-has-aspect-ratio\"><div class=\"wp-block-embed__wrapper\">\n<iframe loading=\"lazy\" title=\"World\u2019s first lead-acid battery-electrolyser for low-cost green hydrogen\" width=\"500\" height=\"281\" src=\"https:\/\/www.youtube.com\/embed\/w5fAVBCLd2s?feature=oembed\" frameborder=\"0\" allow=\"accelerometer; autoplay; clipboard-write; encrypted-media; gyroscope; picture-in-picture; web-share\" referrerpolicy=\"strict-origin-when-cross-origin\" allowfullscreen><\/iframe>\n<\/div><\/figure>\n<\/div>\n\n<section class=\"block-image-caption-slider\">\n    <div class=\"container\">\n        <div class=\"image-caption-slider-wrap\">\n                            <div class=\"image-caption-image-slider swiper-container\">\n                    <div class=\"swiper-wrapper\">\n                                                    <div class=\"swiper-slide\">\n                                <div  class=\"image-wrap\" style=\"background-image: url(https:\/\/locelh2.org\/wp-content\/uploads\/2023\/12\/DSC_0014-939x626.jpg);\">\n                                                                    <\/div><!-- .image-wrap -->\n                            <\/div><!-- .swiper-slide -->\n                                                    <div class=\"swiper-slide\">\n                                <div  class=\"image-wrap\" style=\"background-image: url(https:\/\/locelh2.org\/wp-content\/uploads\/2023\/12\/LUMS-RI.png);\">\n                                                                    <\/div><!-- .image-wrap -->\n                            <\/div><!-- .swiper-slide -->\n                                                    <div class=\"swiper-slide\">\n                                <div  class=\"image-wrap\" style=\"background-image: url(https:\/\/locelh2.org\/wp-content\/uploads\/2023\/11\/LoCEL-in-Pakistan-5-835x626.jpg);\">\n                                                                    <\/div><!-- .image-wrap -->\n                            <\/div><!-- .swiper-slide -->\n                                            <\/div><!-- .swiper-wrapper -->\n                <\/div><!-- .swiper-container -->\n                            <div class=\"image-caption\">\n                    <div class=\"image-caption-caption-slider swiper-container\">\n                        <div class=\"swiper-wrapper\">\n                                                            <div class=\"swiper-slide swiper-no-swiping\">\n                                                                            <p>Dr. Lizzie Ashton and the battery-electrolyser at Loughborough University (UK)<\/p>\n                                                                    <\/div><!-- .swiper-slide -->\n                                                            <div class=\"swiper-slide swiper-no-swiping\">\n                                                                            <p>Research &#038; development of the prosumer solar microgrid at the Lahore University of Management Sciences (Pakistan)<\/p>\n                                                                    <\/div><!-- .swiper-slide -->\n                                                            <div class=\"swiper-slide swiper-no-swiping\">\n                                                                            <p>Lahore University of Management Sciences (Pakistan) and University of Naples Federico II (Italy) team up for socio-cultural assessment of off-grid communities<\/p>\n                                                                    <\/div><!-- .swiper-slide -->\n                                                    <\/div><!-- .swiper-wrapper -->\n\n                        <div class=\"image-caption-slider-nav\">\n                            <button class=\"link-dark image-caption-prev\">Prev<\/button>\n                            <button class=\"link-dark image-caption-next\">Next<\/button>\n                        <\/div><!-- .image-caption-slider-nav -->\n                    <\/div><!-- .swiper-container -->\n                <\/div><!-- .image-caption -->\n                    <\/div><!-- .image-caption-slider-wrap -->\n    <\/div><!-- .container -->\n<\/section><!-- .image-caption-slider -->","protected":false},"excerpt":{"rendered":"","protected":false},"author":18,"featured_media":0,"parent":0,"menu_order":0,"comment_status":"closed","ping_status":"closed","template":"","meta":{"_acf_changed":false,"inline_featured_image":false,"footnotes":""},"class_list":["post-946","page","type-page","status-publish","hentry"],"acf":[],"_links":{"self":[{"href":"https:\/\/locelh2.org\/fr\/wp-json\/wp\/v2\/pages\/946","targetHints":{"allow":["GET"]}}],"collection":[{"href":"https:\/\/locelh2.org\/fr\/wp-json\/wp\/v2\/pages"}],"about":[{"href":"https:\/\/locelh2.org\/fr\/wp-json\/wp\/v2\/types\/page"}],"author":[{"embeddable":true,"href":"https:\/\/locelh2.org\/fr\/wp-json\/wp\/v2\/users\/18"}],"replies":[{"embeddable":true,"href":"https:\/\/locelh2.org\/fr\/wp-json\/wp\/v2\/comments?post=946"}],"version-history":[{"count":0,"href":"https:\/\/locelh2.org\/fr\/wp-json\/wp\/v2\/pages\/946\/revisions"}],"wp:attachment":[{"href":"https:\/\/locelh2.org\/fr\/wp-json\/wp\/v2\/media?parent=946"}],"curies":[{"name":"wp","href":"https:\/\/api.w.org\/{rel}","templated":true}]}}